{"id":2195,"date":"2021-03-04T21:18:11","date_gmt":"2021-03-04T21:18:11","guid":{"rendered":"http:\/\/institutogandhi.com.mx\/web\/?page_id=2195"},"modified":"2025-09-30T18:22:52","modified_gmt":"2025-09-30T18:22:52","slug":"calendario-de-actividades-por-seccion-2020-2021","status":"publish","type":"page","link":"https:\/\/institutogandhi.com.mx\/web\/calendario-de-actividades-por-seccion-2020-2021\/","title":{"rendered":"CALENDARIO DE ACTIVIDADES POR SECCI\u00d3N 2025-2026"},"content":{"rendered":"<p style=\"text-align: center;\">CALENDARIO DE ACTIVIDADES POR SECCION 2025-2026<\/p>\n<p style=\"text-align: center;\">SOLO DA CLICK EN EL CALENDARIO DE TU SECCI\u00d3N, Y VUELVE A DAR CLICK EN EL CALENDARIO PARA VISUALIZARLO EN UN TAMA\u00d1O M\u00c1S GRANDE.<\/p>\n\n\t\t<style type=\"text\/css\">\n\t\t\t#gallery-1 {\n\t\t\t\tmargin: auto;\n\t\t\t}\n\t\t\t#gallery-1 .gallery-item {\n\t\t\t\tfloat: left;\n\t\t\t\tmargin-top: 10px;\n\t\t\t\ttext-align: center;\n\t\t\t\twidth: 25%;\n\t\t\t}\n\t\t\t#gallery-1 img {\n\t\t\t\tborder: 2px solid #cfcfcf;\n\t\t\t}\n\t\t\t#gallery-1 .gallery-caption {\n\t\t\t\tmargin-left: 0;\n\t\t\t}\n\t\t\t\/* see gallery_shortcode() in wp-includes\/media.php *\/\n\t\t<\/style>\n\t\t<div id='gallery-1' class='gallery galleryid-2195 gallery-columns-4 gallery-size-full'><dl class='gallery-item'>\n\t\t\t<dt class='gallery-icon portrait'>\n\t\t\t\t<a href='https:\/\/institutogandhi.com.mx\/web\/wp-content\/uploads\/2025\/09\/CALENDARIO-PREESCOLAR-25-26.jpg'><img fetchpriority=\"high\" decoding=\"async\" width=\"1416\" height=\"2338\" src=\"https:\/\/institutogandhi.com.mx\/web\/wp-content\/uploads\/2025\/09\/CALENDARIO-PREESCOLAR-25-26.jpg\" class=\"attachment-full size-full\" alt=\"\" aria-describedby=\"gallery-1-3315\" srcset=\"https:\/\/institutogandhi.com.mx\/web\/wp-content\/uploads\/2025\/09\/CALENDARIO-PREESCOLAR-25-26.jpg 1416w, https:\/\/institutogandhi.com.mx\/web\/wp-content\/uploads\/2025\/09\/CALENDARIO-PREESCOLAR-25-26-600x991.jpg 600w, https:\/\/institutogandhi.com.mx\/web\/wp-content\/uploads\/2025\/09\/CALENDARIO-PREESCOLAR-25-26-182x300.jpg 182w, https:\/\/institutogandhi.com.mx\/web\/wp-content\/uploads\/2025\/09\/CALENDARIO-PREESCOLAR-25-26-620x1024.jpg 620w, https:\/\/institutogandhi.com.mx\/web\/wp-content\/uploads\/2025\/09\/CALENDARIO-PREESCOLAR-25-26-768x1268.jpg 768w, https:\/\/institutogandhi.com.mx\/web\/wp-content\/uploads\/2025\/09\/CALENDARIO-PREESCOLAR-25-26-930x1536.jpg 930w, https:\/\/institutogandhi.com.mx\/web\/wp-content\/uploads\/2025\/09\/CALENDARIO-PREESCOLAR-25-26-1240x2048.jpg 1240w, https:\/\/institutogandhi.com.mx\/web\/wp-content\/uploads\/2025\/09\/CALENDARIO-PREESCOLAR-25-26-700x1156.jpg 700w\" sizes=\"(max-width: 1416px) 100vw, 1416px\" \/><\/a>\n\t\t\t<\/dt>\n\t\t\t\t<dd class='wp-caption-text gallery-caption' id='gallery-1-3315'>\n\t\t\t\tPREESCOLAR\n\t\t\t\t<\/dd><\/dl><dl class='gallery-item'>\n\t\t\t<dt class='gallery-icon portrait'>\n\t\t\t\t<a href='https:\/\/institutogandhi.com.mx\/web\/wp-content\/uploads\/2025\/09\/CALENDARIO-PRIMARIA-25-26.jpg'><img decoding=\"async\" width=\"1416\" height=\"2338\" src=\"https:\/\/institutogandhi.com.mx\/web\/wp-content\/uploads\/2025\/09\/CALENDARIO-PRIMARIA-25-26.jpg\" class=\"attachment-full size-full\" alt=\"\" aria-describedby=\"gallery-1-3316\" srcset=\"https:\/\/institutogandhi.com.mx\/web\/wp-content\/uploads\/2025\/09\/CALENDARIO-PRIMARIA-25-26.jpg 1416w, https:\/\/institutogandhi.com.mx\/web\/wp-content\/uploads\/2025\/09\/CALENDARIO-PRIMARIA-25-26-600x991.jpg 600w, https:\/\/institutogandhi.com.mx\/web\/wp-content\/uploads\/2025\/09\/CALENDARIO-PRIMARIA-25-26-182x300.jpg 182w, https:\/\/institutogandhi.com.mx\/web\/wp-content\/uploads\/2025\/09\/CALENDARIO-PRIMARIA-25-26-620x1024.jpg 620w, https:\/\/institutogandhi.com.mx\/web\/wp-content\/uploads\/2025\/09\/CALENDARIO-PRIMARIA-25-26-768x1268.jpg 768w, https:\/\/institutogandhi.com.mx\/web\/wp-content\/uploads\/2025\/09\/CALENDARIO-PRIMARIA-25-26-930x1536.jpg 930w, https:\/\/institutogandhi.com.mx\/web\/wp-content\/uploads\/2025\/09\/CALENDARIO-PRIMARIA-25-26-1240x2048.jpg 1240w, https:\/\/institutogandhi.com.mx\/web\/wp-content\/uploads\/2025\/09\/CALENDARIO-PRIMARIA-25-26-700x1156.jpg 700w\" sizes=\"(max-width: 1416px) 100vw, 1416px\" \/><\/a>\n\t\t\t<\/dt>\n\t\t\t\t<dd class='wp-caption-text gallery-caption' id='gallery-1-3316'>\n\t\t\t\tPRIMARIA\n\t\t\t\t<\/dd><\/dl><dl class='gallery-item'>\n\t\t\t<dt class='gallery-icon portrait'>\n\t\t\t\t<a href='https:\/\/institutogandhi.com.mx\/web\/wp-content\/uploads\/2025\/09\/CALENDARIO-SECUNDARIA-25-26.jpg'><img decoding=\"async\" width=\"1416\" height=\"2338\" src=\"https:\/\/institutogandhi.com.mx\/web\/wp-content\/uploads\/2025\/09\/CALENDARIO-SECUNDARIA-25-26.jpg\" class=\"attachment-full size-full\" alt=\"\" aria-describedby=\"gallery-1-3317\" srcset=\"https:\/\/institutogandhi.com.mx\/web\/wp-content\/uploads\/2025\/09\/CALENDARIO-SECUNDARIA-25-26.jpg 1416w, https:\/\/institutogandhi.com.mx\/web\/wp-content\/uploads\/2025\/09\/CALENDARIO-SECUNDARIA-25-26-600x991.jpg 600w, https:\/\/institutogandhi.com.mx\/web\/wp-content\/uploads\/2025\/09\/CALENDARIO-SECUNDARIA-25-26-182x300.jpg 182w, https:\/\/institutogandhi.com.mx\/web\/wp-content\/uploads\/2025\/09\/CALENDARIO-SECUNDARIA-25-26-620x1024.jpg 620w, https:\/\/institutogandhi.com.mx\/web\/wp-content\/uploads\/2025\/09\/CALENDARIO-SECUNDARIA-25-26-768x1268.jpg 768w, https:\/\/institutogandhi.com.mx\/web\/wp-content\/uploads\/2025\/09\/CALENDARIO-SECUNDARIA-25-26-930x1536.jpg 930w, https:\/\/institutogandhi.com.mx\/web\/wp-content\/uploads\/2025\/09\/CALENDARIO-SECUNDARIA-25-26-1240x2048.jpg 1240w, https:\/\/institutogandhi.com.mx\/web\/wp-content\/uploads\/2025\/09\/CALENDARIO-SECUNDARIA-25-26-700x1156.jpg 700w\" sizes=\"(max-width: 1416px) 100vw, 1416px\" \/><\/a>\n\t\t\t<\/dt>\n\t\t\t\t<dd class='wp-caption-text gallery-caption' id='gallery-1-3317'>\n\t\t\t\tSECUNDARIA\n\t\t\t\t<\/dd><\/dl><dl class='gallery-item'>\n\t\t\t<dt class='gallery-icon portrait'>\n\t\t\t\t<a href='https:\/\/institutogandhi.com.mx\/web\/wp-content\/uploads\/2025\/09\/CALENDARIO-PREPA-25-26.jpg'><img loading=\"lazy\" decoding=\"async\" width=\"1416\" height=\"2338\" src=\"https:\/\/institutogandhi.com.mx\/web\/wp-content\/uploads\/2025\/09\/CALENDARIO-PREPA-25-26.jpg\" class=\"attachment-full size-full\" alt=\"\" aria-describedby=\"gallery-1-3314\" srcset=\"https:\/\/institutogandhi.com.mx\/web\/wp-content\/uploads\/2025\/09\/CALENDARIO-PREPA-25-26.jpg 1416w, https:\/\/institutogandhi.com.mx\/web\/wp-content\/uploads\/2025\/09\/CALENDARIO-PREPA-25-26-600x991.jpg 600w, https:\/\/institutogandhi.com.mx\/web\/wp-content\/uploads\/2025\/09\/CALENDARIO-PREPA-25-26-182x300.jpg 182w, https:\/\/institutogandhi.com.mx\/web\/wp-content\/uploads\/2025\/09\/CALENDARIO-PREPA-25-26-620x1024.jpg 620w, https:\/\/institutogandhi.com.mx\/web\/wp-content\/uploads\/2025\/09\/CALENDARIO-PREPA-25-26-768x1268.jpg 768w, https:\/\/institutogandhi.com.mx\/web\/wp-content\/uploads\/2025\/09\/CALENDARIO-PREPA-25-26-930x1536.jpg 930w, https:\/\/institutogandhi.com.mx\/web\/wp-content\/uploads\/2025\/09\/CALENDARIO-PREPA-25-26-1240x2048.jpg 1240w, https:\/\/institutogandhi.com.mx\/web\/wp-content\/uploads\/2025\/09\/CALENDARIO-PREPA-25-26-700x1156.jpg 700w\" sizes=\"(max-width: 1416px) 100vw, 1416px\" \/><\/a>\n\t\t\t<\/dt>\n\t\t\t\t<dd class='wp-caption-text gallery-caption' id='gallery-1-3314'>\n\t\t\t\tPREPARATORIA\n\t\t\t\t<\/dd><\/dl><br style=\"clear: both\" \/>\n\t\t<\/div>\n\n","protected":false},"excerpt":{"rendered":"<p>CALENDARIO DE ACTIVIDADES POR SECCION 2025-2026 SOLO DA CLICK EN EL CALENDARIO DE TU SECCI\u00d3N, Y VUELVE A DAR CLICK EN EL CALENDARIO PARA VISUALIZARLO EN UN TAMA\u00d1O M\u00c1S GRANDE.<\/p>\n","protected":false},"author":1,"featured_media":0,"parent":0,"menu_order":0,"comment_status":"closed","ping_status":"closed","template":"","meta":{"footnotes":""},"class_list":["post-2195","page","type-page","status-publish","hentry"],"_links":{"self":[{"href":"https:\/\/institutogandhi.com.mx\/web\/wp-json\/wp\/v2\/pages\/2195","targetHints":{"allow":["GET"]}}],"collection":[{"href":"https:\/\/institutogandhi.com.mx\/web\/wp-json\/wp\/v2\/pages"}],"about":[{"href":"https:\/\/institutogandhi.com.mx\/web\/wp-json\/wp\/v2\/types\/page"}],"author":[{"embeddable":true,"href":"https:\/\/institutogandhi.com.mx\/web\/wp-json\/wp\/v2\/users\/1"}],"replies":[{"embeddable":true,"href":"https:\/\/institutogandhi.com.mx\/web\/wp-json\/wp\/v2\/comments?post=2195"}],"version-history":[{"count":15,"href":"https:\/\/institutogandhi.com.mx\/web\/wp-json\/wp\/v2\/pages\/2195\/revisions"}],"predecessor-version":[{"id":3325,"href":"https:\/\/institutogandhi.com.mx\/web\/wp-json\/wp\/v2\/pages\/2195\/revisions\/3325"}],"wp:attachment":[{"href":"https:\/\/institutogandhi.com.mx\/web\/wp-json\/wp\/v2\/media?parent=2195"}],"curies":[{"name":"wp","href":"https:\/\/api.w.org\/{rel}","templated":true}]}}