{"id":403,"date":"2017-10-24T23:36:47","date_gmt":"2017-10-24T23:36:47","guid":{"rendered":"http:\/\/institutogandhi.com.mx\/web\/?page_id=403"},"modified":"2018-01-10T19:23:57","modified_gmt":"2018-01-10T19:23:57","slug":"salud-escolar","status":"publish","type":"page","link":"https:\/\/institutogandhi.com.mx\/web\/salud-escolar\/","title":{"rendered":"Salud Escolar"},"content":{"rendered":"<p>[vc_row css_animation=&#8221;&#8221; row_type=&#8221;row&#8221; use_row_as_full_screen_section=&#8221;no&#8221; type=&#8221;grid&#8221; angled_section=&#8221;no&#8221; text_align=&#8221;center&#8221; background_image_as_pattern=&#8221;without_pattern&#8221; css=&#8221;.vc_custom_1478255596305{padding-bottom: 49px !important;background-color: #f6f6f6 !important;}&#8221;][vc_column][vc_single_image image=&#8221;606&#8243; img_size=&#8221;medium&#8221; alignment=&#8221;center&#8221; qode_css_animation=&#8221;&#8221;][vc_column_text]<\/p>\n<p style=\"text-align: justify;\">El depto. De Salud Escolar del Instituto Gandhi, Es parte de un programa de bienestar escolar.<\/p>\n<p>&nbsp;<\/p>\n<p style=\"text-align: justify;\">Est\u00e1 orientado a la prevenci\u00f3n primaria de la salud f\u00edsica y a la prestaci\u00f3n de los primeros auxilios, en los casos que se requiera.<\/p>\n<p>&nbsp;<\/p>\n<p style=\"text-align: justify;\">Tiene como objetivo brindar una atenci\u00f3n oportuna y satisfactoria a toda la poblaci\u00f3n escolar cuando se presenten problemas de salud.<\/p>\n<p>&nbsp;<\/p>\n<p style=\"text-align: justify;\">Adem\u00e1s de brindar a la comunidad educativa un servicio de enfermer\u00eda orientado a la asistencia de los primeros auxilios, a la prevenci\u00f3n y al cuidado de la salud, siguiendo los lineamientos que la Secretar\u00eda de Salud no solicita como son:<\/p>\n<p>&nbsp;<\/p>\n<p style=\"text-align: justify;\"><strong>*Promoci\u00f3n de h\u00e1bitos alimenticios y control de crecimiento y desarrollo:<\/strong> Este programa tiene como prop\u00f3sito fortalecer en los estudiantes h\u00e1bitos de alimentaci\u00f3n sanos y balanceados para la conservaci\u00f3n de una buena salud, el crecimiento y el desarrollo arm\u00f3nico.<\/p>\n<p>&nbsp;<\/p>\n<p style=\"text-align: justify;\"><strong>* Campa\u00f1as de prevenci\u00f3n de epidemias:<\/strong> Una de las campa\u00f1as a realizar es la de pediculosis. Con ella se pretende promover actitudes y h\u00e1bitos adecuados de higiene personal en los estudiantes.<\/p>\n<p>&nbsp;<\/p>\n<p style=\"text-align: justify;\"><strong>*Gesti\u00f3n de campa\u00f1as de vacunaci\u00f3n:<\/strong> El prop\u00f3sito de este programa es que todos los miembros de la comunidad educativa conozcan las vacunas y reconozcan la importancia que tiene su aplicaci\u00f3n oportuna y adecuada para prevenir enfermedades y asegurar el bienestar familiar y social.<\/p>\n<p>&nbsp;<\/p>\n<p style=\"text-align: justify;\"><strong>*Ciclo menstrual e higiene personal:<\/strong> En equipo con Orientaci\u00f3n Escolar se describir\u00e1 el proceso de la maduraci\u00f3n sexual del hombre y la mujer, identificando los principales cambios que ocurren en la adolescencia y los h\u00e1bitos adecuados de higiene personal.<\/p>\n<p>&nbsp;<\/p>\n<p style=\"text-align: justify;\"><strong>*Campa\u00f1as para detecci\u00f3n de enfermedades gen\u00e9ticas:<\/strong> Se realizan campa\u00f1as de\u00a0 ofrecidas a la comunidad educativa, con el prop\u00f3sito de detectar oportunamente las alteraciones auditivas, visuales, dentales, ortop\u00e9dicas y nutricionales.<\/p>\n<p>&nbsp;<\/p>\n<p style=\"text-align: justify;\"><strong>* Infecciones de transmisi\u00f3n sexual:<\/strong>La enfermer\u00eda tiene la misi\u00f3n de realizar talleres, campa\u00f1as de prevenci\u00f3n en salud sexual y realizar reflexiones en torno a la toma de decisiones frente al manejo de la sexualidad.<\/p>\n<p>&nbsp;<\/p>\n<p style=\"text-align: justify;\">*Para alcanzar este prop\u00f3sito se realizar\u00e1n charlas dirigidas por orientaci\u00f3n escolar y con el apoyo de enfermer\u00eda, encaminadas a la promoci\u00f3n de una sexualidad responsable y satisfactoria.<\/p>\n<p>[\/vc_column_text][\/vc_column][\/vc_row][vc_row css_animation=&#8221;&#8221; row_type=&#8221;row&#8221; use_row_as_full_screen_section=&#8221;no&#8221; type=&#8221;full_width&#8221; angled_section=&#8221;no&#8221; text_align=&#8221;center&#8221; background_image_as_pattern=&#8221;without_pattern&#8221; css=&#8221;.vc_custom_1492000470041{padding-top: 42px !important;background-color: #ffffff !important;}&#8221;][vc_column][vc_column_text]<\/p>\n<h5>Conoce Nuestras Instalaciones<\/h5>\n<p>[\/vc_column_text][vc_empty_space height=&#8221;45px&#8221;][vc_gallery type=&#8221;image_grid&#8221; images=&#8221;382,384,385,383,380,381&#8243; img_size=&#8221;600&#215;401&#8243; column_number=&#8221;6&#8243; grayscale=&#8221;no&#8221; images_space=&#8221;gallery_without_space&#8221;][\/vc_column][\/vc_row]<\/p>\n","protected":false},"excerpt":{"rendered":"<p>[vc_row css_animation=&#8221;&#8221; row_type=&#8221;row&#8221; use_row_as_full_screen_section=&#8221;no&#8221; type=&#8221;grid&#8221; angled_section=&#8221;no&#8221; text_align=&#8221;center&#8221; background_image_as_pattern=&#8221;without_pattern&#8221; css=&#8221;.vc_custom_1478255596305{padding-bottom: 49px !important;background-color: #f6f6f6 !important;}&#8221;][vc_column][vc_single_image image=&#8221;606&#8243; img_size=&#8221;medium&#8221; alignment=&#8221;center&#8221; qode_css_animation=&#8221;&#8221;][vc_column_text] El depto. De Salud Escolar del Instituto Gandhi, Es parte de un programa de bienestar escolar. &nbsp; Est\u00e1 orientado a la prevenci\u00f3n primaria de la salud f\u00edsica y&#8230;<\/p>\n","protected":false},"author":1,"featured_media":0,"parent":0,"menu_order":0,"comment_status":"closed","ping_status":"closed","template":"full_width.php","meta":{"footnotes":""},"class_list":["post-403","page","type-page","status-publish","hentry"],"_links":{"self":[{"href":"https:\/\/institutogandhi.com.mx\/web\/wp-json\/wp\/v2\/pages\/403","targetHints":{"allow":["GET"]}}],"collection":[{"href":"https:\/\/institutogandhi.com.mx\/web\/wp-json\/wp\/v2\/pages"}],"about":[{"href":"https:\/\/institutogandhi.com.mx\/web\/wp-json\/wp\/v2\/types\/page"}],"author":[{"embeddable":true,"href":"https:\/\/institutogandhi.com.mx\/web\/wp-json\/wp\/v2\/users\/1"}],"replies":[{"embeddable":true,"href":"https:\/\/institutogandhi.com.mx\/web\/wp-json\/wp\/v2\/comments?post=403"}],"version-history":[{"count":9,"href":"https:\/\/institutogandhi.com.mx\/web\/wp-json\/wp\/v2\/pages\/403\/revisions"}],"predecessor-version":[{"id":614,"href":"https:\/\/institutogandhi.com.mx\/web\/wp-json\/wp\/v2\/pages\/403\/revisions\/614"}],"wp:attachment":[{"href":"https:\/\/institutogandhi.com.mx\/web\/wp-json\/wp\/v2\/media?parent=403"}],"curies":[{"name":"wp","href":"https:\/\/api.w.org\/{rel}","templated":true}]}}