{"id":409,"date":"2017-10-24T23:58:16","date_gmt":"2017-10-24T23:58:16","guid":{"rendered":"http:\/\/institutogandhi.com.mx\/web\/?page_id=409"},"modified":"2018-01-10T20:45:33","modified_gmt":"2018-01-10T20:45:33","slug":"formacion-humana","status":"publish","type":"page","link":"https:\/\/institutogandhi.com.mx\/web\/formacion-humana\/","title":{"rendered":"Formaci\u00f3n Humana"},"content":{"rendered":"<p>[vc_row css_animation=&#8221;&#8221; row_type=&#8221;row&#8221; use_row_as_full_screen_section=&#8221;no&#8221; type=&#8221;grid&#8221; angled_section=&#8221;no&#8221; text_align=&#8221;center&#8221; background_image_as_pattern=&#8221;without_pattern&#8221; css=&#8221;.vc_custom_1478255596305{padding-bottom: 49px !important;background-color: #f6f6f6 !important;}&#8221;][vc_column][vc_single_image image=&#8221;618&#8243; img_size=&#8221;medium&#8221; alignment=&#8221;center&#8221; qode_css_animation=&#8221;&#8221;][vc_column_text]<\/p>\n<p style=\"text-align: justify;\">La formaci\u00f3n humana concierne con el desarrollo de actitudes, capacidades, valores y potencialidades expresivas que impactan en el crecimiento personal y social de un individuo mismos que provienen de la ignorancia de las posibilidades reales que cada ser humano tiene y que muchas de las veces son muy superiores a las que normalmente presenta.Esta formaci\u00f3n deber\u00e1 partir de la idea de ampliar, equilibrada y convenientemente las diferentes dimensiones del individuo que lo llevan a formarse plenamente como persona tanto en lo intelectual, lo social,personal y espiritual.<\/p>\n<p>&nbsp;<\/p>\n<p style=\"text-align: justify;\">Por tanto, el Instituto Gandhi deber\u00e1n fortalecer y brindar su apoyo en tan importante materia, ya que si esta se encuentra bien fundamentada tendr\u00e1 un impacto positivo no solo en la misma Instituci\u00f3n si no en los individuos que se someten a este tipo de preparaci\u00f3n, impactando principalmente sobre las actitudes y personalidades de cada uno.<\/p>\n<p>&nbsp;<\/p>\n<p style=\"text-align: justify;\">Primeramente, el tener una buena formaci\u00f3n humana impulsar\u00e1 a los individuos a dar una respuesta a la necesidad de acompa\u00f1amiento de personas que se encuentran en soledad o que se est\u00e9n aisladas de la sociedad y as\u00ed mejorar la calidad de vida de las personas que se encuentran en situaciones desfavorables y potenciar as\u00ed las relaciones sociales y de comunicaci\u00f3n en el ambiente que se desarrollen.<\/p>\n<p>&nbsp;<\/p>\n<p style=\"text-align: justify;\">Por otro lado, se impulsa a vivir en una vida con una dimensi\u00f3n espiritual activa y no s\u00f3lo la contemplaci\u00f3n hacia algo o alguien que los individuos realizan con toda tranquilidad abarcando un extenso panorama que muchas de las veces no se llega a asimilar. Tener una dimensi\u00f3n espiritual activa ayudar\u00e1 al propio individuo a entender y obrar por impulso de la raz\u00f3n y la justicia as\u00ed como entender que existe el bien y existe el mal y debemos prepararnos para combatirlo mostrando un compromiso \u00e9tico y moral. Esto va muy de la mano a impulsar la creencia en algo denominado \u201cDios\u201d, el revelar una buena formaci\u00f3n humana no solo nos inducir\u00e1 a creer en alguien sino a tener fundamentos concretos de porqu\u00e9 creer en alguien, ser conscientes de nuestro propio mundo y pensar que alguien lo creo y que lo sustenta d\u00eda con d\u00eda, que es un Dios amoroso y que puede ser conocido en una manera personal e \u00edntima y as\u00ed inspirarnos en el seguimiento de \u00e9l y recuperar seriamente la religi\u00f3n y a Dios como asunto de reflexi\u00f3n filos\u00f3fica y no solamente \u201ctener que creer\u201d en alguien. El individuo deber\u00e1 manifestar amor, respeto y paciencia, sabiendo que \u00e9l es quien pone las manos, los pies, su cuerpo\u00a0 y Dios es quien guiar\u00e1las acciones.<\/p>\n<p>&nbsp;<\/p>\n<p style=\"text-align: justify;\">Otra tarea de la formaci\u00f3n humana es la relaci\u00f3n que existe entre,no solamente con el \u201cYo\u201d sino con los \u201cOtros\u201d buscando as\u00ed un dialogo entre todos y sobretodo respetar las diferencias que pudieran surgir y adem\u00e1s ayudar a los m\u00e1s necesitados. Salir de nosotros mismos para ir al encuentro de los dem\u00e1s, estar con los m\u00e1s alejados, a los que se encuentran olvidados y a quienes necesitan de nuestra comprensi\u00f3n, consuelo y ayuda.<\/p>\n<p>&nbsp;<\/p>\n<p style=\"text-align: justify;\">Estos son algunos de los aspectos que los individuos deben de manifestar despu\u00e9s de recibir una buena formaci\u00f3n humana dentro de los planteles educativos los cuales habr\u00e1n cumplido en otorgar una formaci\u00f3n integral que desarrolle a los individuos mejores conocimientos, actitudes y valores para que tengan una vida exitosa y tranquila.<\/p>\n<p>[\/vc_column_text][\/vc_column][\/vc_row][vc_row css_animation=&#8221;&#8221; row_type=&#8221;row&#8221; use_row_as_full_screen_section=&#8221;no&#8221; type=&#8221;full_width&#8221; angled_section=&#8221;no&#8221; text_align=&#8221;center&#8221; background_image_as_pattern=&#8221;without_pattern&#8221; css=&#8221;.vc_custom_1492000470041{padding-top: 42px !important;background-color: #ffffff !important;}&#8221;][vc_column][vc_column_text]<\/p>\n<h5>Conoce Nuestras Instalaciones<\/h5>\n<p>[\/vc_column_text][vc_empty_space height=&#8221;45px&#8221;][vc_gallery type=&#8221;image_grid&#8221; images=&#8221;521,518,384,383,380,381&#8243; img_size=&#8221;600&#215;401&#8243; column_number=&#8221;6&#8243; grayscale=&#8221;no&#8221; images_space=&#8221;gallery_without_space&#8221;][\/vc_column][\/vc_row]<\/p>\n","protected":false},"excerpt":{"rendered":"<p>[vc_row css_animation=&#8221;&#8221; row_type=&#8221;row&#8221; use_row_as_full_screen_section=&#8221;no&#8221; type=&#8221;grid&#8221; angled_section=&#8221;no&#8221; text_align=&#8221;center&#8221; background_image_as_pattern=&#8221;without_pattern&#8221; css=&#8221;.vc_custom_1478255596305{padding-bottom: 49px !important;background-color: #f6f6f6 !important;}&#8221;][vc_column][vc_single_image image=&#8221;618&#8243; img_size=&#8221;medium&#8221; alignment=&#8221;center&#8221; qode_css_animation=&#8221;&#8221;][vc_column_text] La formaci\u00f3n humana concierne con el desarrollo de actitudes, capacidades, valores y potencialidades expresivas que impactan en el crecimiento personal y social de un individuo mismos que provienen&#8230;<\/p>\n","protected":false},"author":1,"featured_media":0,"parent":0,"menu_order":0,"comment_status":"closed","ping_status":"closed","template":"full_width.php","meta":{"footnotes":""},"class_list":["post-409","page","type-page","status-publish","hentry"],"_links":{"self":[{"href":"https:\/\/institutogandhi.com.mx\/web\/wp-json\/wp\/v2\/pages\/409","targetHints":{"allow":["GET"]}}],"collection":[{"href":"https:\/\/institutogandhi.com.mx\/web\/wp-json\/wp\/v2\/pages"}],"about":[{"href":"https:\/\/institutogandhi.com.mx\/web\/wp-json\/wp\/v2\/types\/page"}],"author":[{"embeddable":true,"href":"https:\/\/institutogandhi.com.mx\/web\/wp-json\/wp\/v2\/users\/1"}],"replies":[{"embeddable":true,"href":"https:\/\/institutogandhi.com.mx\/web\/wp-json\/wp\/v2\/comments?post=409"}],"version-history":[{"count":4,"href":"https:\/\/institutogandhi.com.mx\/web\/wp-json\/wp\/v2\/pages\/409\/revisions"}],"predecessor-version":[{"id":620,"href":"https:\/\/institutogandhi.com.mx\/web\/wp-json\/wp\/v2\/pages\/409\/revisions\/620"}],"wp:attachment":[{"href":"https:\/\/institutogandhi.com.mx\/web\/wp-json\/wp\/v2\/media?parent=409"}],"curies":[{"name":"wp","href":"https:\/\/api.w.org\/{rel}","templated":true}]}}