{"id":412,"date":"2017-10-24T23:59:29","date_gmt":"2017-10-24T23:59:29","guid":{"rendered":"http:\/\/institutogandhi.com.mx\/web\/?page_id=412"},"modified":"2018-01-10T19:55:02","modified_gmt":"2018-01-10T19:55:02","slug":"formacion-de-idiomas","status":"publish","type":"page","link":"https:\/\/institutogandhi.com.mx\/web\/formacion-de-idiomas\/","title":{"rendered":"Formaci\u00f3n de Idiomas"},"content":{"rendered":"<p>[vc_row css_animation=&#8221;&#8221; row_type=&#8221;row&#8221; use_row_as_full_screen_section=&#8221;no&#8221; type=&#8221;grid&#8221; angled_section=&#8221;no&#8221; text_align=&#8221;center&#8221; background_image_as_pattern=&#8221;without_pattern&#8221; css=&#8221;.vc_custom_1478255596305{padding-bottom: 49px !important;background-color: #f6f6f6 !important;}&#8221;][vc_column][vc_single_image image=&#8221;615&#8243; img_size=&#8221;medium&#8221; alignment=&#8221;center&#8221; qode_css_animation=&#8221;&#8221;][vc_column_text]<\/p>\n<p style=\"text-align: justify;\">El objetivo principal de la coordinaci\u00f3n de ingl\u00e9s es acompa\u00f1ar, ayudar y facilitar el proceso del alumno en su experiencia educativa en un segundo idioma mediante toma de decisiones, acciones de soporte, observaciones continuas y retroalimentaci\u00f3n al docente para que reajuste sus planes de acci\u00f3n.<\/p>\n<p>&nbsp;<\/p>\n<p style=\"text-align: justify;\"><strong>La orientaci\u00f3n al alumno es individual e inmediata:<\/strong><\/p>\n<p>&nbsp;<\/p>\n<ul style=\"text-align: justify;\">\n<li>Se parte del diagn\u00f3stico previo al ingreso de clases, determinando su nivel.<\/li>\n<li>Se da seguimiento al proceso del alumno focalizando sus fortalezas y debilidades.<\/li>\n<li>Se le eval\u00faa mediante una entrevista en ingl\u00e9s, a su nivel, el avance en sus habilidades.<\/li>\n<li>Se toman las decisiones para trabajar en aspectos espec\u00edficos que lo requieran.<\/li>\n<li>Se observa en el contexto del aula la interacci\u00f3n con su maestro y con sus compa\u00f1eros.<\/li>\n<li>Se apoya al alumno a fortalecer su inteligencia emocional mediante la motivaci\u00f3n.<\/li>\n<\/ul>\n<p style=\"text-align: justify;\">El apoyo de los padres de familia es primordial en este proceso de formaci\u00f3n y adquisici\u00f3n de un segundo idioma.\u00a0 La comunicaci\u00f3n, retroalimentaci\u00f3n y compromisos que se lleven a cabo valida el proceso.<\/p>\n<p>&nbsp;<\/p>\n<p style=\"text-align: justify;\">La comunicaci\u00f3n es rec\u00edproca y constante y la orientaci\u00f3n va encaminada a una mejora continua:<\/p>\n<p>&nbsp;<\/p>\n<ul>\n<li style=\"text-align: justify;\">Estrategias para aplicar en casa enfocadas a los h\u00e1bitos de estudio.<\/li>\n<li style=\"text-align: justify;\">Estrategias metodol\u00f3gicas que pueden aplicarse desde el contexto familiar.<\/li>\n<li style=\"text-align: justify;\">Sugerir material de apoyo en casa para fortalecer las habilidades que se est\u00e1n adquiriendo.<\/li>\n<li style=\"text-align: justify;\">Recomendar que tipo de actividades extraescolares son las indicadas y c\u00f3mo llevarlas a cabo.<\/li>\n<li style=\"text-align: justify;\">Atender las inquietudes o dudas posibles que se tengan de manera inmediata.<\/li>\n<li style=\"text-align: justify;\">Canalizar las situaciones especiales que lo requieran a las diferentes instancias dentro del instituto.<\/li>\n<\/ul>\n<p>[\/vc_column_text][\/vc_column][\/vc_row][vc_row css_animation=&#8221;&#8221; row_type=&#8221;row&#8221; use_row_as_full_screen_section=&#8221;no&#8221; type=&#8221;full_width&#8221; angled_section=&#8221;no&#8221; text_align=&#8221;center&#8221; background_image_as_pattern=&#8221;without_pattern&#8221; css=&#8221;.vc_custom_1492000470041{padding-top: 42px !important;background-color: #ffffff !important;}&#8221;][vc_column][vc_column_text]<\/p>\n<h5>Conoce Nuestras Instalaciones<\/h5>\n<p>[\/vc_column_text][vc_empty_space height=&#8221;45px&#8221;][vc_gallery type=&#8221;image_grid&#8221; images=&#8221;521,518,384,383,380,381&#8243; img_size=&#8221;600&#215;401&#8243; column_number=&#8221;6&#8243; grayscale=&#8221;no&#8221; images_space=&#8221;gallery_without_space&#8221;][\/vc_column][\/vc_row]<\/p>\n","protected":false},"excerpt":{"rendered":"<p>[vc_row css_animation=&#8221;&#8221; row_type=&#8221;row&#8221; use_row_as_full_screen_section=&#8221;no&#8221; type=&#8221;grid&#8221; angled_section=&#8221;no&#8221; text_align=&#8221;center&#8221; background_image_as_pattern=&#8221;without_pattern&#8221; css=&#8221;.vc_custom_1478255596305{padding-bottom: 49px !important;background-color: #f6f6f6 !important;}&#8221;][vc_column][vc_single_image image=&#8221;615&#8243; img_size=&#8221;medium&#8221; alignment=&#8221;center&#8221; qode_css_animation=&#8221;&#8221;][vc_column_text] El objetivo principal de la coordinaci\u00f3n de ingl\u00e9s es acompa\u00f1ar, ayudar y facilitar el proceso del alumno en su experiencia educativa en un segundo idioma mediante toma de&#8230;<\/p>\n","protected":false},"author":1,"featured_media":0,"parent":0,"menu_order":0,"comment_status":"closed","ping_status":"closed","template":"full_width.php","meta":{"footnotes":""},"class_list":["post-412","page","type-page","status-publish","hentry"],"_links":{"self":[{"href":"https:\/\/institutogandhi.com.mx\/web\/wp-json\/wp\/v2\/pages\/412","targetHints":{"allow":["GET"]}}],"collection":[{"href":"https:\/\/institutogandhi.com.mx\/web\/wp-json\/wp\/v2\/pages"}],"about":[{"href":"https:\/\/institutogandhi.com.mx\/web\/wp-json\/wp\/v2\/types\/page"}],"author":[{"embeddable":true,"href":"https:\/\/institutogandhi.com.mx\/web\/wp-json\/wp\/v2\/users\/1"}],"replies":[{"embeddable":true,"href":"https:\/\/institutogandhi.com.mx\/web\/wp-json\/wp\/v2\/comments?post=412"}],"version-history":[{"count":4,"href":"https:\/\/institutogandhi.com.mx\/web\/wp-json\/wp\/v2\/pages\/412\/revisions"}],"predecessor-version":[{"id":617,"href":"https:\/\/institutogandhi.com.mx\/web\/wp-json\/wp\/v2\/pages\/412\/revisions\/617"}],"wp:attachment":[{"href":"https:\/\/institutogandhi.com.mx\/web\/wp-json\/wp\/v2\/media?parent=412"}],"curies":[{"name":"wp","href":"https:\/\/api.w.org\/{rel}","templated":true}]}}