{"id":772,"date":"2018-01-18T01:26:04","date_gmt":"2018-01-18T01:26:04","guid":{"rendered":"http:\/\/institutogandhi.com.mx\/web\/?page_id=772"},"modified":"2018-01-18T02:46:31","modified_gmt":"2018-01-18T02:46:31","slug":"materias","status":"publish","type":"page","link":"https:\/\/institutogandhi.com.mx\/web\/primaria-2\/materias\/","title":{"rendered":"Materias"},"content":{"rendered":"<p>[vc_row row_type=&#8221;parallax&#8221; parallax_content_width=&#8221;in_grid&#8221; text_align=&#8221;center&#8221; background_image=&#8221;822&#8243; full_screen_section_height=&#8221;no&#8221;][vc_column css=&#8221;.vc_custom_1478254958954{padding-top: 47px !important;padding-bottom: 92px !important;}&#8221;][vc_column_text]<\/p>\n<h2><span style=\"color: #ffffff;\">Materias<\/span><\/h2>\n<p>[\/vc_column_text][vc_row_inner row_type=&#8221;row&#8221; type=&#8221;full_width&#8221; text_align=&#8221;center&#8221; css_animation=&#8221;&#8221; css=&#8221;.vc_custom_1478254812579{padding-top: 125px !important;padding-bottom: 56px !important;}&#8221;][vc_column_inner width=&#8221;5\/6&#8243; offset=&#8221;vc_col-lg-offset-0 vc_col-lg-4 vc_col-md-offset-0 vc_col-md-4 vc_col-sm-offset-1&#8243;][vc_empty_space height=&#8221;30px&#8221;][vc_column_text]<\/p>\n<p style=\"text-align: center; color: #ffffff; font-size: 50px;\">1\u00b0 y 2\u00b0<\/p>\n<p>&nbsp;<\/p>\n<p>&nbsp;<\/p>\n<p style=\"text-align: center; color: #ffffff; font-size: 20px;\">PRIMARIA<\/p>\n<p>[\/vc_column_text][vc_empty_space height=&#8221;17px&#8221;][vc_column_text]<\/p>\n<ul>\n<li style=\"text-align: left; color: #ffffff;\"><strong>MATERIAS DE LA SEG<\/strong><\/li>\n<li style=\"text-align: left; color: #ffffff;\">Espa\u00f1ol<\/li>\n<li style=\"text-align: left; color: #ffffff;\">Matem\u00e1ticas<\/li>\n<li style=\"text-align: left; color: #ffffff;\">Exploraci\u00f3n del medio natural y social<\/li>\n<li style=\"text-align: left; color: #ffffff;\">Educaci\u00f3n Art\u00edstica<\/li>\n<li style=\"text-align: left; color: #ffffff;\">Educaci\u00f3n F\u00edsica<\/li>\n<li style=\"text-align: left; color: #ffffff;\"><strong>COCURRICULARES<\/strong><\/li>\n<li style=\"text-align: left; color: #ffffff;\">Ingl\u00e9s<\/li>\n<li style=\"text-align: left; color: #ffffff;\">Computaci\u00f3n<\/li>\n<li style=\"text-align: left; color: #ffffff;\">Art\u00edsticas, gimnasia o m\u00fasica<\/li>\n<li style=\"text-align: left; color: #ffffff;\">Educaci\u00f3n de la Fe<\/li>\n<li style=\"text-align: left; color: #ffffff;\">Formaci\u00f3n Humana<\/li>\n<li style=\"text-align: left; color: #ffffff;\">Literatura<\/li>\n<li style=\"text-align: left; color: #ffffff;\">Grafomotricidad<\/li>\n<\/ul>\n<p>[\/vc_column_text][vc_empty_space height=&#8221;40px&#8221;][\/vc_column_inner][vc_column_inner width=&#8221;5\/6&#8243; offset=&#8221;vc_col-lg-offset-0 vc_col-lg-4 vc_col-md-offset-0 vc_col-md-4 vc_col-sm-offset-1&#8243;][vc_empty_space height=&#8221;30px&#8221;][vc_column_text]<\/p>\n<p style=\"text-align: center; color: #ffffff; font-size: 50px;\">3\u00b0<\/p>\n<p>&nbsp;<\/p>\n<p>&nbsp;<\/p>\n<p style=\"text-align: center; color: #ffffff; font-size: 20px;\">PRIMARIA<\/p>\n<p>[\/vc_column_text][vc_empty_space height=&#8221;17px&#8221;][vc_column_text]<\/p>\n<ul>\n<li style=\"text-align: left; color: #ffffff;\"><strong>MATERIAS DE LA SEG<\/strong><\/li>\n<li style=\"text-align: left; color: #ffffff;\">Espa\u00f1ol<\/li>\n<li style=\"text-align: left; color: #ffffff;\">Matem\u00e1ticas<\/li>\n<li style=\"text-align: left; color: #ffffff;\">Entidad: Historia y Geograf\u00eda de Guanajuato<\/li>\n<li style=\"text-align: left; color: #ffffff;\">Ciencias Naturales<\/li>\n<li style=\"text-align: left; color: #ffffff;\">Educaci\u00f3n Art\u00edstica<\/li>\n<li style=\"text-align: left; color: #ffffff;\">Educaci\u00f3n F\u00edsica<\/li>\n<li style=\"text-align: left; color: #ffffff;\"><strong>COCURRICULARES<\/strong><\/li>\n<li style=\"text-align: left; color: #ffffff;\">Ingl\u00e9s<\/li>\n<li style=\"text-align: left; color: #ffffff;\">Computaci\u00f3n<\/li>\n<li style=\"text-align: left; color: #ffffff;\">Art\u00edsticas, gimnasia o m\u00fasica<\/li>\n<li style=\"text-align: left; color: #ffffff;\">Educaci\u00f3n de la Fe<\/li>\n<li style=\"text-align: left; color: #ffffff;\">Formaci\u00f3n Humana<\/li>\n<li style=\"text-align: left; color: #ffffff;\">Literatura<\/li>\n<li style=\"text-align: left; color: #ffffff;\">Grafomotricidad<\/li>\n<\/ul>\n<p>[\/vc_column_text][vc_empty_space height=&#8221;40px&#8221;][\/vc_column_inner][vc_column_inner width=&#8221;5\/6&#8243; offset=&#8221;vc_col-lg-offset-0 vc_col-lg-4 vc_col-md-offset-0 vc_col-md-4 vc_col-sm-offset-1&#8243;][vc_empty_space height=&#8221;30px&#8221;][vc_column_text]<\/p>\n<p style=\"text-align: center; color: #ffffff; font-size: 50px;\">4\u00b0,5\u00b0y6\u00b0<\/p>\n<p>&nbsp;<\/p>\n<p>&nbsp;<\/p>\n<p style=\"text-align: center; color: #ffffff; font-size: 20px;\">PRIMARIA<\/p>\n<p>[\/vc_column_text][vc_empty_space height=&#8221;17px&#8221;][vc_column_text]<\/p>\n<ul>\n<li style=\"text-align: left; color: #ffffff;\"><strong>MATERIAS DE LA SEG<\/strong><\/li>\n<li style=\"text-align: left; color: #ffffff;\">Espa\u00f1ol<\/li>\n<li style=\"text-align: left; color: #ffffff;\">Matem\u00e1ticas<\/li>\n<li style=\"text-align: left; color: #ffffff;\">Ciencias Naturales<\/li>\n<li style=\"text-align: left; color: #ffffff;\">Historia<\/li>\n<li style=\"text-align: left; color: #ffffff;\">Geograf\u00eda<\/li>\n<li style=\"text-align: left; color: #ffffff;\">Educaci\u00f3n Art\u00edstica<\/li>\n<li style=\"text-align: left; color: #ffffff;\">Educaci\u00f3n F\u00edsica<\/li>\n<li style=\"text-align: left; color: #ffffff;\"><strong>COCURRICULARES<\/strong><\/li>\n<li style=\"text-align: left; color: #ffffff;\">Ingl\u00e9s<\/li>\n<li style=\"text-align: left; color: #ffffff;\">Computaci\u00f3n<\/li>\n<li style=\"text-align: left; color: #ffffff;\">Art\u00edsticas, gimnasia o m\u00fasica<\/li>\n<li style=\"text-align: left; color: #ffffff;\">Educaci\u00f3n de la Fe<\/li>\n<li style=\"text-align: left; color: #ffffff;\">Formaci\u00f3n Humana<\/li>\n<li style=\"text-align: left; color: #ffffff;\">Literatura<\/li>\n<li style=\"text-align: left; color: #ffffff;\">Grafomotricidad<\/li>\n<\/ul>\n<p>[\/vc_column_text][vc_empty_space height=&#8221;40px&#8221;][\/vc_column_inner][\/vc_row_inner]<a  itemprop=\"url\" href=\"http:\/\/institutogandhi.com.mx\/web\/contacto\/\" target=\"_blank\"  class=\"qbutton  white default\" style=\"\">M\u00e1s Informaci\u00f3n<\/a>[\/vc_column][\/vc_row][vc_row css_animation=&#8221;&#8221; row_type=&#8221;row&#8221; use_row_as_full_screen_section=&#8221;no&#8221; type=&#8221;full_width&#8221; angled_section=&#8221;no&#8221; text_align=&#8221;center&#8221; background_image_as_pattern=&#8221;without_pattern&#8221; css=&#8221;.vc_custom_1492000470041{padding-top: 42px !important;background-color: #ffffff !important;}&#8221;][vc_column][vc_column_text]<\/p>\n<h5>Conoce Nuestras Instalaciones<\/h5>\n<p>[\/vc_column_text][vc_empty_space height=&#8221;45px&#8221;][vc_gallery type=&#8221;image_grid&#8221; images=&#8221;521,518,384,383,380,381&#8243; img_size=&#8221;600&#215;401&#8243; column_number=&#8221;6&#8243; grayscale=&#8221;no&#8221; images_space=&#8221;gallery_without_space&#8221;][\/vc_column][\/vc_row]<\/p>\n","protected":false},"excerpt":{"rendered":"<p>[vc_row row_type=&#8221;parallax&#8221; parallax_content_width=&#8221;in_grid&#8221; text_align=&#8221;center&#8221; background_image=&#8221;822&#8243; full_screen_section_height=&#8221;no&#8221;][vc_column css=&#8221;.vc_custom_1478254958954{padding-top: 47px !important;padding-bottom: 92px !important;}&#8221;][vc_column_text] Materias [\/vc_column_text][vc_row_inner row_type=&#8221;row&#8221; type=&#8221;full_width&#8221; text_align=&#8221;center&#8221; css_animation=&#8221;&#8221; css=&#8221;.vc_custom_1478254812579{padding-top: 125px !important;padding-bottom: 56px !important;}&#8221;][vc_column_inner width=&#8221;5\/6&#8243; offset=&#8221;vc_col-lg-offset-0 vc_col-lg-4 vc_col-md-offset-0 vc_col-md-4 vc_col-sm-offset-1&#8243;][vc_empty_space height=&#8221;30px&#8221;][vc_column_text] 1\u00b0 y 2\u00b0 &nbsp; &nbsp; PRIMARIA [\/vc_column_text][vc_empty_space height=&#8221;17px&#8221;][vc_column_text] MATERIAS DE LA SEG Espa\u00f1ol Matem\u00e1ticas Exploraci\u00f3n del&#8230;<\/p>\n","protected":false},"author":1,"featured_media":0,"parent":736,"menu_order":0,"comment_status":"closed","ping_status":"closed","template":"full_width.php","meta":{"footnotes":""},"class_list":["post-772","page","type-page","status-publish","hentry"],"_links":{"self":[{"href":"https:\/\/institutogandhi.com.mx\/web\/wp-json\/wp\/v2\/pages\/772","targetHints":{"allow":["GET"]}}],"collection":[{"href":"https:\/\/institutogandhi.com.mx\/web\/wp-json\/wp\/v2\/pages"}],"about":[{"href":"https:\/\/institutogandhi.com.mx\/web\/wp-json\/wp\/v2\/types\/page"}],"author":[{"embeddable":true,"href":"https:\/\/institutogandhi.com.mx\/web\/wp-json\/wp\/v2\/users\/1"}],"replies":[{"embeddable":true,"href":"https:\/\/institutogandhi.com.mx\/web\/wp-json\/wp\/v2\/comments?post=772"}],"version-history":[{"count":22,"href":"https:\/\/institutogandhi.com.mx\/web\/wp-json\/wp\/v2\/pages\/772\/revisions"}],"predecessor-version":[{"id":823,"href":"https:\/\/institutogandhi.com.mx\/web\/wp-json\/wp\/v2\/pages\/772\/revisions\/823"}],"up":[{"embeddable":true,"href":"https:\/\/institutogandhi.com.mx\/web\/wp-json\/wp\/v2\/pages\/736"}],"wp:attachment":[{"href":"https:\/\/institutogandhi.com.mx\/web\/wp-json\/wp\/v2\/media?parent=772"}],"curies":[{"name":"wp","href":"https:\/\/api.w.org\/{rel}","templated":true}]}}