{"id":842,"date":"2018-01-18T03:29:54","date_gmt":"2018-01-18T03:29:54","guid":{"rendered":"http:\/\/institutogandhi.com.mx\/web\/?page_id=842"},"modified":"2018-01-18T03:37:12","modified_gmt":"2018-01-18T03:37:12","slug":"departamentos-a-sus-servicios","status":"publish","type":"page","link":"https:\/\/institutogandhi.com.mx\/web\/secundaria\/departamentos-a-sus-servicios\/","title":{"rendered":"Departamentos a sus Servicios"},"content":{"rendered":"<p>[vc_row row_type=&#8221;parallax&#8221; parallax_content_width=&#8221;in_grid&#8221; text_align=&#8221;center&#8221; background_image=&#8221;847&#8243; full_screen_section_height=&#8221;no&#8221;][vc_column css=&#8221;.vc_custom_1478254958954{padding-top: 47px !important;padding-bottom: 92px !important;}&#8221;][vc_column_text]<\/p>\n<h2><span style=\"color: #ffffff; font-size: 40px !important;\">Departamentos a sus Servicios<\/span><\/h2>\n<p>[\/vc_column_text][vc_empty_space height=&#8221;20px&#8221;][vc_column_text]<\/p>\n<ul>\n<li style=\"list-style-type: none;\">\n<ul>\n<li style=\"text-align: center; color: #ffffff; font-size: 25px !important;\">Coordinaci\u00f3n Acad\u00e9mica<\/li>\n<\/ul>\n<\/li>\n<\/ul>\n<p>&nbsp;<\/p>\n<ul>\n<li style=\"list-style-type: none;\">\n<ul>\n<li style=\"text-align: center; color: #ffffff; font-size: 25px !important;\">Departamento Psicol\u00f3gico<\/li>\n<\/ul>\n<\/li>\n<\/ul>\n<p>&nbsp;<\/p>\n<ul>\n<li style=\"list-style-type: none;\">\n<ul>\n<li style=\"text-align: center; color: #ffffff; font-size: 25px !important;\">Departamento de Convivencia Escolar<\/li>\n<\/ul>\n<\/li>\n<\/ul>\n<p>&nbsp;<\/p>\n<ul>\n<li style=\"list-style-type: none;\">\n<ul>\n<li style=\"text-align: center; color: #ffffff; font-size: 25px !important;\">Departamento de inclusi\u00f3n escolar<\/li>\n<\/ul>\n<\/li>\n<\/ul>\n<p>&nbsp;<\/p>\n<ul>\n<li style=\"list-style-type: none;\">\n<ul>\n<li style=\"text-align: center; color: #ffffff; font-size: 25px !important;\">Coordinaci\u00f3n de Idiomas<\/li>\n<\/ul>\n<\/li>\n<\/ul>\n<p>[\/vc_column_text][vc_empty_space height=&#8221;40px&#8221;]<a  itemprop=\"url\" href=\"http:\/\/institutogandhi.com.mx\/web\/contacto\/\" target=\"_blank\"  class=\"qbutton  white default\" style=\"\">M\u00e1s Informaci\u00f3n<\/a>[\/vc_column][\/vc_row][vc_row css_animation=&#8221;&#8221; row_type=&#8221;row&#8221; use_row_as_full_screen_section=&#8221;no&#8221; type=&#8221;full_width&#8221; angled_section=&#8221;no&#8221; text_align=&#8221;center&#8221; background_image_as_pattern=&#8221;without_pattern&#8221; css=&#8221;.vc_custom_1492000470041{padding-top: 42px !important;background-color: #ffffff !important;}&#8221;][vc_column][vc_column_text]<\/p>\n<h5>Conoce Nuestras Instalaciones<\/h5>\n<p>[\/vc_column_text][vc_empty_space height=&#8221;45px&#8221;][vc_gallery type=&#8221;image_grid&#8221; images=&#8221;521,518,384,383,380,381&#8243; img_size=&#8221;600&#215;401&#8243; column_number=&#8221;6&#8243; grayscale=&#8221;no&#8221; images_space=&#8221;gallery_without_space&#8221;][\/vc_column][\/vc_row][vc_row css_animation=&#8221;&#8221; row_type=&#8221;row&#8221; use_row_as_full_screen_section=&#8221;no&#8221; type=&#8221;full_width&#8221; angled_section=&#8221;no&#8221; text_align=&#8221;left&#8221; background_image_as_pattern=&#8221;without_pattern&#8221;][vc_column][vc_column_text]<\/p>\n<p>[\/vc_column_text][\/vc_column][\/vc_row]<\/p>\n","protected":false},"excerpt":{"rendered":"<p>[vc_row row_type=&#8221;parallax&#8221; parallax_content_width=&#8221;in_grid&#8221; text_align=&#8221;center&#8221; background_image=&#8221;847&#8243; full_screen_section_height=&#8221;no&#8221;][vc_column css=&#8221;.vc_custom_1478254958954{padding-top: 47px !important;padding-bottom: 92px !important;}&#8221;][vc_column_text] Departamentos a sus Servicios [\/vc_column_text][vc_empty_space height=&#8221;20px&#8221;][vc_column_text] Coordinaci\u00f3n Acad\u00e9mica &nbsp; Departamento Psicol\u00f3gico &nbsp; Departamento de Convivencia Escolar &nbsp; Departamento de inclusi\u00f3n escolar &nbsp; Coordinaci\u00f3n de Idiomas [\/vc_column_text][vc_empty_space height=&#8221;40px&#8221;][\/vc_column][\/vc_row][vc_row css_animation=&#8221;&#8221; row_type=&#8221;row&#8221; use_row_as_full_screen_section=&#8221;no&#8221; type=&#8221;full_width&#8221; angled_section=&#8221;no&#8221; text_align=&#8221;center&#8221; background_image_as_pattern=&#8221;without_pattern&#8221;&#8230;<\/p>\n","protected":false},"author":1,"featured_media":0,"parent":748,"menu_order":0,"comment_status":"closed","ping_status":"closed","template":"full_width.php","meta":{"footnotes":""},"class_list":["post-842","page","type-page","status-publish","hentry"],"_links":{"self":[{"href":"https:\/\/institutogandhi.com.mx\/web\/wp-json\/wp\/v2\/pages\/842","targetHints":{"allow":["GET"]}}],"collection":[{"href":"https:\/\/institutogandhi.com.mx\/web\/wp-json\/wp\/v2\/pages"}],"about":[{"href":"https:\/\/institutogandhi.com.mx\/web\/wp-json\/wp\/v2\/types\/page"}],"author":[{"embeddable":true,"href":"https:\/\/institutogandhi.com.mx\/web\/wp-json\/wp\/v2\/users\/1"}],"replies":[{"embeddable":true,"href":"https:\/\/institutogandhi.com.mx\/web\/wp-json\/wp\/v2\/comments?post=842"}],"version-history":[{"count":2,"href":"https:\/\/institutogandhi.com.mx\/web\/wp-json\/wp\/v2\/pages\/842\/revisions"}],"predecessor-version":[{"id":852,"href":"https:\/\/institutogandhi.com.mx\/web\/wp-json\/wp\/v2\/pages\/842\/revisions\/852"}],"up":[{"embeddable":true,"href":"https:\/\/institutogandhi.com.mx\/web\/wp-json\/wp\/v2\/pages\/748"}],"wp:attachment":[{"href":"https:\/\/institutogandhi.com.mx\/web\/wp-json\/wp\/v2\/media?parent=842"}],"curies":[{"name":"wp","href":"https:\/\/api.w.org\/{rel}","templated":true}]}}