{"id":860,"date":"2018-01-18T03:53:41","date_gmt":"2018-01-18T03:53:41","guid":{"rendered":"http:\/\/institutogandhi.com.mx\/web\/?page_id=860"},"modified":"2018-01-18T21:27:54","modified_gmt":"2018-01-18T21:27:54","slug":"clases-y-actividades-extracurriculares","status":"publish","type":"page","link":"https:\/\/institutogandhi.com.mx\/web\/preparatoria\/clases-y-actividades-extracurriculares\/","title":{"rendered":"Clases y Actividades Extracurriculares"},"content":{"rendered":"<p>[vc_row row_type=&#8221;parallax&#8221; parallax_content_width=&#8221;in_grid&#8221; text_align=&#8221;center&#8221; background_image=&#8221;847&#8243; full_screen_section_height=&#8221;no&#8221;][vc_column css=&#8221;.vc_custom_1478254958954{padding-top: 47px !important;padding-bottom: 92px !important;}&#8221;][vc_column_text]<\/p>\n<h2><span style=\"color: #ffffff; font-size: 40px !important;\">Clases y Actividades Extracurriculares<\/span><\/h2>\n<p>[\/vc_column_text][vc_empty_space height=&#8221;20px&#8221;][vc_column_text]<\/p>\n<ul>\n<li style=\"list-style-type: none;\">\n<ul>\n<li style=\"text-align: center; color: #ffffff; font-size: 25px !important;\">Literatura<\/li>\n<\/ul>\n<\/li>\n<\/ul>\n<p>&nbsp;<\/p>\n<ul>\n<li style=\"list-style-type: none;\">\n<ul>\n<li style=\"text-align: center; color: #ffffff; font-size: 25px !important;\">Artes Pl\u00e1sticas<\/li>\n<\/ul>\n<\/li>\n<\/ul>\n<p>&nbsp;<\/p>\n<ul>\n<li style=\"list-style-type: none;\">\n<ul>\n<li style=\"text-align: center; color: #ffffff; font-size: 25px !important;\">Gimnasia Ol\u00edmpica<\/li>\n<\/ul>\n<\/li>\n<\/ul>\n<p>&nbsp;<\/p>\n<ul>\n<li style=\"list-style-type: none;\">\n<ul>\n<li style=\"text-align: center; color: #ffffff; font-size: 25px !important;\">M\u00fasica<\/li>\n<\/ul>\n<\/li>\n<\/ul>\n<p>&nbsp;<\/p>\n<ul>\n<li style=\"list-style-type: none;\">\n<ul>\n<li style=\"text-align: center; color: #ffffff; font-size: 25px !important;\">Computaci\u00f3n<\/li>\n<\/ul>\n<\/li>\n<\/ul>\n<p>&nbsp;<\/p>\n<ul>\n<li style=\"list-style-type: none;\">\n<ul>\n<li style=\"text-align: center; color: #ffffff; font-size: 25px !important;\">Ingl\u00e9s<\/li>\n<\/ul>\n<\/li>\n<\/ul>\n<p>&nbsp;<\/p>\n<ul>\n<li style=\"list-style-type: none;\">\n<ul>\n<li style=\"text-align: center; color: #ffffff; font-size: 25px !important;\">Educaci\u00f3n F\u00edsica<\/li>\n<\/ul>\n<\/li>\n<\/ul>\n<p>&nbsp;<\/p>\n<ul>\n<li style=\"list-style-type: none;\">\n<ul>\n<li style=\"text-align: center; color: #ffffff; font-size: 25px !important;\">Formaci\u00f3n Humana<\/li>\n<\/ul>\n<\/li>\n<\/ul>\n<p>[\/vc_column_text][vc_empty_space height=&#8221;30px&#8221;][vc_column_text]<\/p>\n<h2><span style=\"color: #ffffff; font-size: 40px !important;\">Actividades<\/span><\/h2>\n<p>[\/vc_column_text][vc_empty_space height=&#8221;20px&#8221;][vc_column_text]<\/p>\n<p style=\"text-align: center; color: #ffffff; font-size: 25px !important;\">Los alumnos de Secundaria tiene diferentes salidas con fines did\u00e1cticos y de aprendizaje como:<\/p>\n<p>&nbsp;<\/p>\n<ul>\n<li style=\"list-style-type: none;\">\n<ul>\n<li style=\"text-align: center; color: #ffffff; font-size: 25px !important;\">Viaje a Zool\u00f3gico<\/li>\n<\/ul>\n<\/li>\n<\/ul>\n<p>&nbsp;<\/p>\n<ul>\n<li style=\"list-style-type: none;\">\n<ul>\n<li style=\"text-align: center; color: #ffffff; font-size: 25px !important;\">Vivero municipal<\/li>\n<\/ul>\n<\/li>\n<\/ul>\n<p>&nbsp;<\/p>\n<ul>\n<li style=\"list-style-type: none;\">\n<ul>\n<li style=\"text-align: center; color: #ffffff; font-size: 25px !important;\">Acuario<\/li>\n<\/ul>\n<\/li>\n<\/ul>\n<p>&nbsp;<\/p>\n<ul>\n<li style=\"list-style-type: none;\">\n<ul>\n<li style=\"text-align: center; color: #ffffff; font-size: 25px !important;\">Parque Explora<\/li>\n<\/ul>\n<\/li>\n<\/ul>\n<p>&nbsp;<\/p>\n<ul>\n<li style=\"list-style-type: none;\">\n<ul>\n<li style=\"text-align: center; color: #ffffff; font-size: 25px !important;\">Cosechar vegetales en rancho<\/li>\n<\/ul>\n<\/li>\n<\/ul>\n<p>&nbsp;<\/p>\n<ul>\n<li style=\"list-style-type: none;\">\n<ul>\n<li style=\"text-align: center; color: #ffffff; font-size: 25px !important;\">Visita a rancho lechero<\/li>\n<\/ul>\n<\/li>\n<\/ul>\n<p>&nbsp;<\/p>\n<ul>\n<li style=\"list-style-type: none;\">\n<ul>\n<li style=\"text-align: center; color: #ffffff; font-size: 25px !important;\">Visita a museos y exposiciones temporales.<\/li>\n<\/ul>\n<\/li>\n<\/ul>\n<p>[\/vc_column_text][vc_empty_space height=&#8221;40px&#8221;]<a  itemprop=\"url\" href=\"http:\/\/institutogandhi.com.mx\/web\/contacto\/\" target=\"_blank\"  class=\"qbutton  white default\" style=\"\">M\u00e1s Informaci\u00f3n<\/a>[\/vc_column][\/vc_row][vc_row css_animation=&#8221;&#8221; row_type=&#8221;row&#8221; use_row_as_full_screen_section=&#8221;no&#8221; type=&#8221;full_width&#8221; angled_section=&#8221;no&#8221; text_align=&#8221;center&#8221; background_image_as_pattern=&#8221;without_pattern&#8221; css=&#8221;.vc_custom_1492000470041{padding-top: 42px !important;background-color: #ffffff !important;}&#8221;][vc_column][vc_column_text]<\/p>\n<h5>Conoce Nuestras Instalaciones<\/h5>\n<p>[\/vc_column_text][vc_empty_space height=&#8221;45px&#8221;][vc_gallery type=&#8221;image_grid&#8221; images=&#8221;521,518,384,383,380,381&#8243; img_size=&#8221;600&#215;401&#8243; column_number=&#8221;6&#8243; grayscale=&#8221;no&#8221; images_space=&#8221;gallery_without_space&#8221;][\/vc_column][\/vc_row][vc_row css_animation=&#8221;&#8221; row_type=&#8221;row&#8221; use_row_as_full_screen_section=&#8221;no&#8221; type=&#8221;full_width&#8221; angled_section=&#8221;no&#8221; text_align=&#8221;left&#8221; background_image_as_pattern=&#8221;without_pattern&#8221;][vc_column][vc_column_text]<\/p>\n<p>[\/vc_column_text][\/vc_column][\/vc_row]<\/p>\n","protected":false},"excerpt":{"rendered":"<p>[vc_row row_type=&#8221;parallax&#8221; parallax_content_width=&#8221;in_grid&#8221; text_align=&#8221;center&#8221; background_image=&#8221;847&#8243; full_screen_section_height=&#8221;no&#8221;][vc_column css=&#8221;.vc_custom_1478254958954{padding-top: 47px !important;padding-bottom: 92px !important;}&#8221;][vc_column_text] Clases y Actividades Extracurriculares [\/vc_column_text][vc_empty_space height=&#8221;20px&#8221;][vc_column_text] Literatura &nbsp; Artes Pl\u00e1sticas &nbsp; Gimnasia Ol\u00edmpica &nbsp; M\u00fasica &nbsp; Computaci\u00f3n &nbsp; Ingl\u00e9s &nbsp; Educaci\u00f3n F\u00edsica &nbsp; Formaci\u00f3n Humana [\/vc_column_text][vc_empty_space height=&#8221;30px&#8221;][vc_column_text] Actividades [\/vc_column_text][vc_empty_space height=&#8221;20px&#8221;][vc_column_text] Los alumnos de Secundaria&#8230;<\/p>\n","protected":false},"author":1,"featured_media":0,"parent":760,"menu_order":0,"comment_status":"closed","ping_status":"closed","template":"full_width.php","meta":{"footnotes":""},"class_list":["post-860","page","type-page","status-publish","hentry"],"_links":{"self":[{"href":"https:\/\/institutogandhi.com.mx\/web\/wp-json\/wp\/v2\/pages\/860","targetHints":{"allow":["GET"]}}],"collection":[{"href":"https:\/\/institutogandhi.com.mx\/web\/wp-json\/wp\/v2\/pages"}],"about":[{"href":"https:\/\/institutogandhi.com.mx\/web\/wp-json\/wp\/v2\/types\/page"}],"author":[{"embeddable":true,"href":"https:\/\/institutogandhi.com.mx\/web\/wp-json\/wp\/v2\/users\/1"}],"replies":[{"embeddable":true,"href":"https:\/\/institutogandhi.com.mx\/web\/wp-json\/wp\/v2\/comments?post=860"}],"version-history":[{"count":3,"href":"https:\/\/institutogandhi.com.mx\/web\/wp-json\/wp\/v2\/pages\/860\/revisions"}],"predecessor-version":[{"id":888,"href":"https:\/\/institutogandhi.com.mx\/web\/wp-json\/wp\/v2\/pages\/860\/revisions\/888"}],"up":[{"embeddable":true,"href":"https:\/\/institutogandhi.com.mx\/web\/wp-json\/wp\/v2\/pages\/760"}],"wp:attachment":[{"href":"https:\/\/institutogandhi.com.mx\/web\/wp-json\/wp\/v2\/media?parent=860"}],"curies":[{"name":"wp","href":"https:\/\/api.w.org\/{rel}","templated":true}]}}